{"id":450,"date":"2022-08-31T14:55:14","date_gmt":"2022-08-31T14:55:14","guid":{"rendered":"https:\/\/flecha.geo.br\/dudecarlini\/?page_id=450"},"modified":"2022-08-31T21:09:32","modified_gmt":"2022-08-31T21:09:32","slug":"450-2","status":"publish","type":"page","link":"https:\/\/flecha.geo.br\/dudecarlini\/450-2\/","title":{"rendered":""},"content":{"rendered":"<style>\/*! elementor - v3.7.3 - 29-08-2022 *\/\n.elementor-heading-title{padding:0;margin:0;line-height:1}.elementor-widget-heading .elementor-heading-title[class*=elementor-size-]>a{color:inherit;font-size:inherit;line-height:inherit}.elementor-widget-heading .elementor-heading-title.elementor-size-small{font-size:15px}.elementor-widget-heading .elementor-heading-title.elementor-size-medium{font-size:19px}.elementor-widget-heading .elementor-heading-title.elementor-size-large{font-size:29px}.elementor-widget-heading .elementor-heading-title.elementor-size-xl{font-size:39px}.elementor-widget-heading .elementor-heading-title.elementor-size-xxl{font-size:59px}<\/style><h2>Candidaturas Ind\u00edgenas &#8211; Elei\u00e7\u00f5es 2022<\/h2>\t\t\n\t\t\n[display-map id=&#8217;444&#8242; ]\n","protected":false},"excerpt":{"rendered":"<p>Candidaturas Ind\u00edgenas &#8211; Elei\u00e7\u00f5es 2022<\/p>\n","protected":false},"author":1,"featured_media":0,"parent":0,"menu_order":0,"comment_status":"closed","ping_status":"closed","template":"","meta":{"footnotes":""},"class_list":["post-450","page","type-page","status-publish","hentry"],"_links":{"self":[{"href":"https:\/\/flecha.geo.br\/dudecarlini\/wp-json\/wp\/v2\/pages\/450","targetHints":{"allow":["GET"]}}],"collection":[{"href":"https:\/\/flecha.geo.br\/dudecarlini\/wp-json\/wp\/v2\/pages"}],"about":[{"href":"https:\/\/flecha.geo.br\/dudecarlini\/wp-json\/wp\/v2\/types\/page"}],"author":[{"embeddable":true,"href":"https:\/\/flecha.geo.br\/dudecarlini\/wp-json\/wp\/v2\/users\/1"}],"replies":[{"embeddable":true,"href":"https:\/\/flecha.geo.br\/dudecarlini\/wp-json\/wp\/v2\/comments?post=450"}],"version-history":[{"count":4,"href":"https:\/\/flecha.geo.br\/dudecarlini\/wp-json\/wp\/v2\/pages\/450\/revisions"}],"predecessor-version":[{"id":454,"href":"https:\/\/flecha.geo.br\/dudecarlini\/wp-json\/wp\/v2\/pages\/450\/revisions\/454"}],"wp:attachment":[{"href":"https:\/\/flecha.geo.br\/dudecarlini\/wp-json\/wp\/v2\/media?parent=450"}],"curies":[{"name":"wp","href":"https:\/\/api.w.org\/{rel}","templated":true}]}}